{"id":300,"date":"2023-12-06T16:02:37","date_gmt":"2023-12-06T16:02:37","guid":{"rendered":"https:\/\/pruebasnetwork5.com\/?page_id=300"},"modified":"2023-12-26T13:00:38","modified_gmt":"2023-12-26T13:00:38","slug":"magasin-dusine-durance","status":"publish","type":"page","link":"https:\/\/www.campingdulion.com\/es\/gorges-de-lardeche-une-nature-sauvage\/magasin-dusine-durance\/","title":{"rendered":"Salida de f\u00e1brica de Durance"},"content":{"rendered":"<div data-elementor-type=\"wp-page\" data-elementor-id=\"300\" class=\"elementor elementor-300\" data-elementor-post-type=\"page\">\n\t\t\t\t\t\t<section class=\"elementor-section elementor-top-section elementor-element elementor-element-166e436 elementor-section-full_width elementor-section-height-default elementor-section-height-default\" data-id=\"166e436\" data-element_type=\"section\" data-e-type=\"section\" data-settings=\"{&quot;background_background&quot;:&quot;classic&quot;}\">\n\t\t\t\t\t\t\t<div class=\"elementor-background-overlay\"><\/div>\n\t\t\t\t\t\t\t<div class=\"elementor-container elementor-column-gap-default\">\n\t\t\t\t\t<div class=\"elementor-column elementor-col-100 elementor-top-column elementor-element elementor-element-a7439b1\" data-id=\"a7439b1\" data-element_type=\"column\" data-e-type=\"column\" data-settings=\"{&quot;background_background&quot;:&quot;classic&quot;}\">\n\t\t\t<div class=\"elementor-widget-wrap elementor-element-populated\">\n\t\t\t\t\t\t<section class=\"elementor-section elementor-inner-section elementor-element elementor-element-1d0bd55 elementor-section-boxed elementor-section-height-default elementor-section-height-default\" data-id=\"1d0bd55\" data-element_type=\"section\" data-e-type=\"section\">\n\t\t\t\t\t\t<div class=\"elementor-container elementor-column-gap-default\">\n\t\t\t\t\t<div class=\"elementor-column elementor-col-100 elementor-inner-column elementor-element elementor-element-3187211\" data-id=\"3187211\" data-element_type=\"column\" data-e-type=\"column\">\n\t\t\t<div class=\"elementor-widget-wrap elementor-element-populated\">\n\t\t\t\t\t\t<div class=\"elementor-element elementor-element-7395a0b animated-slow elementor-view-default elementor-invisible elementor-widget elementor-widget-icon\" data-id=\"7395a0b\" data-element_type=\"widget\" data-e-type=\"widget\" data-settings=\"{&quot;_animation&quot;:&quot;zoomIn&quot;}\" data-widget_type=\"icon.default\">\n\t\t\t\t<div class=\"elementor-widget-container\">\n\t\t\t\t\t\t\t<div class=\"elementor-icon-wrapper\">\n\t\t\t<div class=\"elementor-icon\">\n\t\t\t<i aria-hidden=\"true\" class=\"icofont icofont-tree-alt\"><\/i>\t\t\t<\/div>\n\t\t<\/div>\n\t\t\t\t\t\t<\/div>\n\t\t\t\t<\/div>\n\t\t\t\t<div class=\"elementor-element elementor-element-f10acb6 elementor-invisible elementor-widget elementor-widget-heading\" data-id=\"f10acb6\" data-element_type=\"widget\" data-e-type=\"widget\" data-settings=\"{&quot;_animation&quot;:&quot;fadeInUp&quot;}\" data-widget_type=\"heading.default\">\n\t\t\t\t<div class=\"elementor-widget-container\">\n\t\t\t\t\t<h1 class=\"elementor-heading-title elementor-size-default\">Salida de f\u00e1brica de Durance<\/h1>\t\t\t\t<\/div>\n\t\t\t\t<\/div>\n\t\t\t\t<div class=\"elementor-element elementor-element-ab4cb05 elementor-invisible elementor-widget elementor-widget-heading\" data-id=\"ab4cb05\" data-element_type=\"widget\" data-e-type=\"widget\" data-settings=\"{&quot;_animation&quot;:&quot;fadeInDown&quot;}\" data-widget_type=\"heading.default\">\n\t\t\t\t<div class=\"elementor-widget-container\">\n\t\t\t\t\t<h4 class=\"elementor-heading-title elementor-size-default\">Productos de belleza a precios de f\u00e1brica<\/h4>\t\t\t\t<\/div>\n\t\t\t\t<\/div>\n\t\t\t\t\t<\/div>\n\t\t<\/div>\n\t\t\t\t\t<\/div>\n\t\t<\/section>\n\t\t\t\t<div class=\"elementor-element elementor-element-f2c0a2e elementor-widget elementor-widget-spacer\" data-id=\"f2c0a2e\" data-element_type=\"widget\" data-e-type=\"widget\" data-widget_type=\"spacer.default\">\n\t\t\t\t<div class=\"elementor-widget-container\">\n\t\t\t\t\t\t\t<div class=\"elementor-spacer\">\n\t\t\t<div class=\"elementor-spacer-inner\"><\/div>\n\t\t<\/div>\n\t\t\t\t\t\t<\/div>\n\t\t\t\t<\/div>\n\t\t\t\t\t<\/div>\n\t\t<\/div>\n\t\t\t\t\t<\/div>\n\t\t<\/section>\n\t\t\t\t<section class=\"elementor-section elementor-top-section elementor-element elementor-element-28fb719 elementor-section-content-middle elementor-reverse-tablet elementor-reverse-mobile elementor-section-boxed elementor-section-height-default elementor-section-height-default\" data-id=\"28fb719\" data-element_type=\"section\" data-e-type=\"section\">\n\t\t\t\t\t\t<div class=\"elementor-container elementor-column-gap-default\">\n\t\t\t\t\t<div class=\"elementor-column elementor-col-50 elementor-top-column elementor-element elementor-element-bc9fb30 elementor-invisible\" data-id=\"bc9fb30\" data-element_type=\"column\" data-e-type=\"column\" data-settings=\"{&quot;animation&quot;:&quot;fadeInLeft&quot;}\">\n\t\t\t<div class=\"elementor-widget-wrap elementor-element-populated\">\n\t\t\t\t\t\t<div class=\"elementor-element elementor-element-a5b1a26 elementor-widget elementor-widget-heading\" data-id=\"a5b1a26\" data-element_type=\"widget\" data-e-type=\"widget\" data-widget_type=\"heading.default\">\n\t\t\t\t<div class=\"elementor-widget-container\">\n\t\t\t\t\t<h6 class=\"elementor-heading-title elementor-size-default\">Durance<\/h6>\t\t\t\t<\/div>\n\t\t\t\t<\/div>\n\t\t\t\t<div class=\"elementor-element elementor-element-2f46c46 elementor-widget elementor-widget-heading\" data-id=\"2f46c46\" data-element_type=\"widget\" data-e-type=\"widget\" data-widget_type=\"heading.default\">\n\t\t\t\t<div class=\"elementor-widget-container\">\n\t\t\t\t\t<h2 class=\"elementor-heading-title elementor-size-default\">Descubra la tienda Durance<\/h2>\t\t\t\t<\/div>\n\t\t\t\t<\/div>\n\t\t\t\t<div class=\"elementor-element elementor-element-3bcf576 elementor-widget elementor-widget-text-editor\" data-id=\"3bcf576\" data-element_type=\"widget\" data-e-type=\"widget\" data-widget_type=\"text-editor.default\">\n\t\t\t\t<div class=\"elementor-widget-container\">\n\t\t\t\t\t\t\t\t\t<p>Situado en Grignan, a aproximadamente \u00bd hora en coche del camping, descubra toda una gama de\u00a0<strong>productos de belleza a precios de f\u00e1brica<\/strong>\u00a0(perfumes, cosm\u00e9ticos, fragancias para el hogar, velas perfumadas, especialidades provenzales)<\/p>\t\t\t\t\t\t\t\t<\/div>\n\t\t\t\t<\/div>\n\t\t\t\t<div class=\"elementor-element elementor-element-83af8f2 elementor-view-stacked elementor-shape-square elementor-position-inline-start elementor-mobile-position-inline-start elementor-widget elementor-widget-icon-box\" data-id=\"83af8f2\" data-element_type=\"widget\" data-e-type=\"widget\" data-widget_type=\"icon-box.default\">\n\t\t\t\t<div class=\"elementor-widget-container\">\n\t\t\t\t\t\t\t<div class=\"elementor-icon-box-wrapper\">\n\n\t\t\t\t\t\t<div class=\"elementor-icon-box-icon\">\n\t\t\t\t<a href=\"https:\/\/www.durance.fr\/\" target=\"_blank\" class=\"elementor-icon\" tabindex=\"-1\" aria-label=\"www.durance.fr\">\n\t\t\t\t<svg aria-hidden=\"true\" class=\"e-font-icon-svg e-fas-map-signs\" viewbox=\"0 0 512 512\" xmlns=\"http:\/\/www.w3.org\/2000\/svg\"><path d=\"M507.31 84.69L464 41.37c-6-6-14.14-9.37-22.63-9.37H288V16c0-8.84-7.16-16-16-16h-32c-8.84 0-16 7.16-16 16v16H56c-13.25 0-24 10.75-24 24v80c0 13.25 10.75 24 24 24h385.37c8.49 0 16.62-3.37 22.63-9.37l43.31-43.31c6.25-6.26 6.25-16.38 0-22.63zM224 496c0 8.84 7.16 16 16 16h32c8.84 0 16-7.16 16-16V384h-64v112zm232-272H288v-32h-64v32H70.63c-8.49 0-16.62 3.37-22.63 9.37L4.69 276.69c-6.25 6.25-6.25 16.38 0 22.63L48 342.63c6 6 14.14 9.37 22.63 9.37H456c13.25 0 24-10.75 24-24v-80c0-13.25-10.75-24-24-24z\"><\/path><\/svg>\t\t\t\t<\/a>\n\t\t\t<\/div>\n\t\t\t\n\t\t\t\t\t\t<div class=\"elementor-icon-box-content\">\n\n\t\t\t\t\t\t\t\t\t<div class=\"elementor-icon-box-title\">\n\t\t\t\t\t\t<a href=\"https:\/\/www.durance.fr\/\" target=\"_blank\" >\n\t\t\t\t\t\t\twww.durance.fr\t\t\t\t\t\t<\/a>\n\t\t\t\t\t<\/div>\n\t\t\t\t\n\t\t\t\t\t\t\t\t\t<p class=\"elementor-icon-box-description\">\n\t\t\t\t\t\tZone artisanale nord, 5 Dagasse - 26230 Grignan\t\t\t\t\t<\/p>\n\t\t\t\t\n\t\t\t<\/div>\n\t\t\t\n\t\t<\/div>\n\t\t\t\t\t\t<\/div>\n\t\t\t\t<\/div>\n\t\t\t\t\t<\/div>\n\t\t<\/div>\n\t\t\t\t<div class=\"elementor-column elementor-col-50 elementor-top-column elementor-element elementor-element-cda340e\" data-id=\"cda340e\" data-element_type=\"column\" data-e-type=\"column\">\n\t\t\t<div class=\"elementor-widget-wrap elementor-element-populated\">\n\t\t\t\t\t\t<div class=\"elementor-element elementor-element-4cdeee0 elementor-invisible elementor-widget elementor-widget-image\" data-id=\"4cdeee0\" data-element_type=\"widget\" data-e-type=\"widget\" data-settings=\"{&quot;_animation&quot;:&quot;fadeIn&quot;,&quot;_animation_delay&quot;:200}\" data-widget_type=\"image.default\">\n\t\t\t\t<div class=\"elementor-widget-container\">\n\t\t\t\t\t\t\t\t\t\t\t\t\t\t\t<img fetchpriority=\"high\" decoding=\"async\" width=\"768\" height=\"512\" src=\"https:\/\/www.campingdulion.com\/wp-content\/uploads\/2023\/12\/boutique-durance-grignan-768x512.jpg\" class=\"attachment-medium_large size-medium_large wp-image-1522\" alt=\"\" srcset=\"https:\/\/www.campingdulion.com\/wp-content\/uploads\/2023\/12\/boutique-durance-grignan-768x512.jpg 768w, https:\/\/www.campingdulion.com\/wp-content\/uploads\/2023\/12\/boutique-durance-grignan-300x200.jpg 300w, https:\/\/www.campingdulion.com\/wp-content\/uploads\/2023\/12\/boutique-durance-grignan-1024x683.jpg 1024w, https:\/\/www.campingdulion.com\/wp-content\/uploads\/2023\/12\/boutique-durance-grignan.jpg 1200w\" sizes=\"(max-width: 768px) 100vw, 768px\" \/>\t\t\t\t\t\t\t\t\t\t\t\t\t\t\t<\/div>\n\t\t\t\t<\/div>\n\t\t\t\t<div class=\"elementor-element elementor-element-1d85213 elementor-widget__width-initial elementor-absolute elementor-cta--skin-classic elementor-animated-content elementor-bg-transform elementor-bg-transform-zoom-in elementor-invisible elementor-widget elementor-widget-call-to-action\" data-id=\"1d85213\" data-element_type=\"widget\" data-e-type=\"widget\" data-settings=\"{&quot;_position&quot;:&quot;absolute&quot;,&quot;_animation&quot;:&quot;bounceIn&quot;,&quot;_animation_delay&quot;:300}\" data-widget_type=\"call-to-action.default\">\n\t\t\t\t<div class=\"elementor-widget-container\">\n\t\t\t\t\t\t\t<div class=\"elementor-cta\">\n\t\t\t\t\t\t\t<div class=\"elementor-cta__content\">\n\t\t\t\t\n\t\t\t\t\t\t\t\t\t<div class=\"elementor-cta__title elementor-cta__content-item elementor-content-item\">\n\t\t\t\t\t\t30 minutos\t\t\t\t\t<\/div>\n\t\t\t\t\n\t\t\t\t\t\t\t\t\t<div class=\"elementor-cta__description elementor-cta__content-item elementor-content-item\">\n\t\t\t\t\t\ten coche\t\t\t\t\t<\/div>\n\t\t\t\t\n\t\t\t\t\t\t\t<\/div>\n\t\t\t\t\t\t<\/div>\n\t\t\t\t\t\t<\/div>\n\t\t\t\t<\/div>\n\t\t\t\t\t<\/div>\n\t\t<\/div>\n\t\t\t\t\t<\/div>\n\t\t<\/section>\n\t\t\t\t<\/div>","protected":false},"excerpt":{"rendered":"<p>Productos de belleza a precios de f\u00e1brica Durance Descubra la tienda Durance Situada en Grignan, a aproximadamente \u00bd hora en coche del camping, descubra toda una gama de productos de belleza a precios de f\u00e1brica (perfumes, cosm\u00e9ticos, fragancias para el hogar, velas perfumadas, especialidades provenzales) www.durance.fr Zone artisanale nord, 5 Dagasse - 26230 Grignan 30 min en coche<\/p>","protected":false},"author":3,"featured_media":0,"parent":246,"menu_order":0,"comment_status":"closed","ping_status":"closed","template":"elementor_header_footer","meta":{"footnotes":""},"class_list":["post-300","page","type-page","status-publish","hentry"],"yoast_head":"<!-- This site is optimized with the Yoast SEO plugin v27.4 - https:\/\/yoast.com\/product\/yoast-seo-wordpress\/ -->\n<title>Magasin d\u2019usine Durance - Camping Ard\u00e8che - Camping du Lion - Camping en Plein Nature<\/title>\n<meta name=\"robots\" content=\"index, follow, max-snippet:-1, max-image-preview:large, max-video-preview:-1\" \/>\n<link rel=\"canonical\" href=\"https:\/\/www.campingdulion.com\/es\/gargantas-de-lardeche-un-desierto\/magasin-dusine-durance\/\" \/>\n<meta property=\"og:locale\" content=\"es_ES\" \/>\n<meta property=\"og:type\" content=\"article\" \/>\n<meta property=\"og:title\" content=\"Magasin d\u2019usine Durance - Camping Ard\u00e8che - Camping du Lion - Camping en Plein Nature\" \/>\n<meta property=\"og:description\" content=\"Produits de beaut\u00e9 \u00e0 prix d\u2019usine ! Durance D\u00e9couvrez le magasin Durance Situ\u00e9 \u00e0 Grignan, \u00e0 environ \u00bd heure de route du camping, d\u00e9couvrez toute une gamme de\u00a0produits de beaut\u00e9 \u00e0 prix d\u2019usine\u00a0(parfums, cosm\u00e9tiques, senteurs d\u2019int\u00e9rieur, bougies parfum\u00e9es, sp\u00e9cialit\u00e9s proven\u00e7ales) www.durance.fr Zone artisanale nord, 5 Dagasse &#8211; 26230 Grignan 30 min en voiture\" \/>\n<meta property=\"og:url\" content=\"https:\/\/www.campingdulion.com\/es\/gargantas-de-lardeche-un-desierto\/magasin-dusine-durance\/\" \/>\n<meta property=\"og:site_name\" content=\"Camping Ard\u00e8che - Camping du Lion - Camping en Plein Nature\" \/>\n<meta property=\"article:modified_time\" content=\"2023-12-26T13:00:38+00:00\" \/>\n<meta property=\"og:image\" content=\"https:\/\/campingdulion.com\/wp-content\/uploads\/2023\/12\/boutique-durance-grignan-768x512.jpg\" \/>\n<meta name=\"twitter:card\" content=\"summary_large_image\" \/>\n<script type=\"application\/ld+json\" class=\"yoast-schema-graph\">{\"@context\":\"https:\\\/\\\/schema.org\",\"@graph\":[{\"@type\":\"WebPage\",\"@id\":\"https:\\\/\\\/www.campingdulion.com\\\/gorges-de-lardeche-une-nature-sauvage\\\/magasin-dusine-durance\\\/\",\"url\":\"https:\\\/\\\/www.campingdulion.com\\\/gorges-de-lardeche-une-nature-sauvage\\\/magasin-dusine-durance\\\/\",\"name\":\"Magasin d\u2019usine Durance - Camping Ard\u00e8che - Camping du Lion - Camping en Plein Nature\",\"isPartOf\":{\"@id\":\"https:\\\/\\\/www.campingdulion.com\\\/#website\"},\"primaryImageOfPage\":{\"@id\":\"https:\\\/\\\/www.campingdulion.com\\\/gorges-de-lardeche-une-nature-sauvage\\\/magasin-dusine-durance\\\/#primaryimage\"},\"image\":{\"@id\":\"https:\\\/\\\/www.campingdulion.com\\\/gorges-de-lardeche-une-nature-sauvage\\\/magasin-dusine-durance\\\/#primaryimage\"},\"thumbnailUrl\":\"https:\\\/\\\/campingdulion.com\\\/wp-content\\\/uploads\\\/2023\\\/12\\\/boutique-durance-grignan-768x512.jpg\",\"datePublished\":\"2023-12-06T16:02:37+00:00\",\"dateModified\":\"2023-12-26T13:00:38+00:00\",\"breadcrumb\":{\"@id\":\"https:\\\/\\\/www.campingdulion.com\\\/gorges-de-lardeche-une-nature-sauvage\\\/magasin-dusine-durance\\\/#breadcrumb\"},\"inLanguage\":\"es\",\"potentialAction\":[{\"@type\":\"ReadAction\",\"target\":[\"https:\\\/\\\/www.campingdulion.com\\\/gorges-de-lardeche-une-nature-sauvage\\\/magasin-dusine-durance\\\/\"]}]},{\"@type\":\"ImageObject\",\"inLanguage\":\"es\",\"@id\":\"https:\\\/\\\/www.campingdulion.com\\\/gorges-de-lardeche-une-nature-sauvage\\\/magasin-dusine-durance\\\/#primaryimage\",\"url\":\"https:\\\/\\\/campingdulion.com\\\/wp-content\\\/uploads\\\/2023\\\/12\\\/boutique-durance-grignan-768x512.jpg\",\"contentUrl\":\"https:\\\/\\\/campingdulion.com\\\/wp-content\\\/uploads\\\/2023\\\/12\\\/boutique-durance-grignan-768x512.jpg\"},{\"@type\":\"BreadcrumbList\",\"@id\":\"https:\\\/\\\/www.campingdulion.com\\\/gorges-de-lardeche-une-nature-sauvage\\\/magasin-dusine-durance\\\/#breadcrumb\",\"itemListElement\":[{\"@type\":\"ListItem\",\"position\":1,\"name\":\"Accueil\",\"item\":\"https:\\\/\\\/www.campingdulion.com\\\/\"},{\"@type\":\"ListItem\",\"position\":2,\"name\":\"Les excursions \u00e0 proximit\u00e9\",\"item\":\"https:\\\/\\\/www.campingdulion.com\\\/gorges-de-lardeche-une-nature-sauvage\\\/\"},{\"@type\":\"ListItem\",\"position\":3,\"name\":\"Magasin d\u2019usine Durance\"}]},{\"@type\":\"WebSite\",\"@id\":\"https:\\\/\\\/www.campingdulion.com\\\/#website\",\"url\":\"https:\\\/\\\/www.campingdulion.com\\\/\",\"name\":\"Camping Ard\u00e8che - Camping du Lion - Camping en Plein Nature\",\"description\":\"\",\"publisher\":{\"@id\":\"https:\\\/\\\/www.campingdulion.com\\\/#organization\"},\"potentialAction\":[{\"@type\":\"SearchAction\",\"target\":{\"@type\":\"EntryPoint\",\"urlTemplate\":\"https:\\\/\\\/www.campingdulion.com\\\/?s={search_term_string}\"},\"query-input\":{\"@type\":\"PropertyValueSpecification\",\"valueRequired\":true,\"valueName\":\"search_term_string\"}}],\"inLanguage\":\"es\"},{\"@type\":\"Organization\",\"@id\":\"https:\\\/\\\/www.campingdulion.com\\\/#organization\",\"name\":\"Camping Ard\u00e8che - Camping du Lion - Camping en Plein Nature\",\"url\":\"https:\\\/\\\/www.campingdulion.com\\\/\",\"logo\":{\"@type\":\"ImageObject\",\"inLanguage\":\"es\",\"@id\":\"https:\\\/\\\/www.campingdulion.com\\\/#\\\/schema\\\/logo\\\/image\\\/\",\"url\":\"https:\\\/\\\/www.campingdulion.com\\\/wp-content\\\/uploads\\\/2023\\\/12\\\/logo-camping-du-lion-blanc.png\",\"contentUrl\":\"https:\\\/\\\/www.campingdulion.com\\\/wp-content\\\/uploads\\\/2023\\\/12\\\/logo-camping-du-lion-blanc.png\",\"width\":350,\"height\":100,\"caption\":\"Camping Ard\u00e8che - Camping du Lion - Camping en Plein Nature\"},\"image\":{\"@id\":\"https:\\\/\\\/www.campingdulion.com\\\/#\\\/schema\\\/logo\\\/image\\\/\"}}]}<\/script>\n<!-- \/ Yoast SEO plugin. -->","yoast_head_json":{"title":"Durance factory outlet - Camping Ard\u00e8che - Camping Lion - Camping en Plein Nature","robots":{"index":"index","follow":"follow","max-snippet":"max-snippet:-1","max-image-preview":"max-image-preview:large","max-video-preview":"max-video-preview:-1"},"canonical":"https:\/\/www.campingdulion.com\/es\/gargantas-de-lardeche-un-desierto\/magasin-dusine-durance\/","og_locale":"es_ES","og_type":"article","og_title":"Magasin d\u2019usine Durance - Camping Ard\u00e8che - Camping du Lion - Camping en Plein Nature","og_description":"Produits de beaut\u00e9 \u00e0 prix d\u2019usine ! Durance D\u00e9couvrez le magasin Durance Situ\u00e9 \u00e0 Grignan, \u00e0 environ \u00bd heure de route du camping, d\u00e9couvrez toute une gamme de\u00a0produits de beaut\u00e9 \u00e0 prix d\u2019usine\u00a0(parfums, cosm\u00e9tiques, senteurs d\u2019int\u00e9rieur, bougies parfum\u00e9es, sp\u00e9cialit\u00e9s proven\u00e7ales) www.durance.fr Zone artisanale nord, 5 Dagasse &#8211; 26230 Grignan 30 min en voiture","og_url":"https:\/\/www.campingdulion.com\/es\/gargantas-de-lardeche-un-desierto\/magasin-dusine-durance\/","og_site_name":"Camping Ard\u00e8che - Camping du Lion - Camping en Plein Nature","article_modified_time":"2023-12-26T13:00:38+00:00","og_image":[{"url":"https:\/\/campingdulion.com\/wp-content\/uploads\/2023\/12\/boutique-durance-grignan-768x512.jpg","type":"","width":"","height":""}],"twitter_card":"summary_large_image","schema":{"@context":"https:\/\/schema.org","@graph":[{"@type":"WebPage","@id":"https:\/\/www.campingdulion.com\/gorges-de-lardeche-une-nature-sauvage\/magasin-dusine-durance\/","url":"https:\/\/www.campingdulion.com\/gorges-de-lardeche-une-nature-sauvage\/magasin-dusine-durance\/","name":"Durance factory outlet - Camping Ard\u00e8che - Camping Lion - Camping en Plein Nature","isPartOf":{"@id":"https:\/\/www.campingdulion.com\/#website"},"primaryImageOfPage":{"@id":"https:\/\/www.campingdulion.com\/gorges-de-lardeche-une-nature-sauvage\/magasin-dusine-durance\/#primaryimage"},"image":{"@id":"https:\/\/www.campingdulion.com\/gorges-de-lardeche-une-nature-sauvage\/magasin-dusine-durance\/#primaryimage"},"thumbnailUrl":"https:\/\/campingdulion.com\/wp-content\/uploads\/2023\/12\/boutique-durance-grignan-768x512.jpg","datePublished":"2023-12-06T16:02:37+00:00","dateModified":"2023-12-26T13:00:38+00:00","breadcrumb":{"@id":"https:\/\/www.campingdulion.com\/gorges-de-lardeche-une-nature-sauvage\/magasin-dusine-durance\/#breadcrumb"},"inLanguage":"es","potentialAction":[{"@type":"ReadAction","target":["https:\/\/www.campingdulion.com\/gorges-de-lardeche-une-nature-sauvage\/magasin-dusine-durance\/"]}]},{"@type":"ImageObject","inLanguage":"es","@id":"https:\/\/www.campingdulion.com\/gorges-de-lardeche-une-nature-sauvage\/magasin-dusine-durance\/#primaryimage","url":"https:\/\/campingdulion.com\/wp-content\/uploads\/2023\/12\/boutique-durance-grignan-768x512.jpg","contentUrl":"https:\/\/campingdulion.com\/wp-content\/uploads\/2023\/12\/boutique-durance-grignan-768x512.jpg"},{"@type":"BreadcrumbList","@id":"https:\/\/www.campingdulion.com\/gorges-de-lardeche-une-nature-sauvage\/magasin-dusine-durance\/#breadcrumb","itemListElement":[{"@type":"ListItem","position":1,"name":"Accueil","item":"https:\/\/www.campingdulion.com\/"},{"@type":"ListItem","position":2,"name":"Les excursions \u00e0 proximit\u00e9","item":"https:\/\/www.campingdulion.com\/gorges-de-lardeche-une-nature-sauvage\/"},{"@type":"ListItem","position":3,"name":"Magasin d\u2019usine Durance"}]},{"@type":"WebSite","@id":"https:\/\/www.campingdulion.com\/#website","url":"https:\/\/www.campingdulion.com\/","name":"Camping Ard\u00e8che - Camping du Lion - Camping en Plein Nature","description":"","publisher":{"@id":"https:\/\/www.campingdulion.com\/#organization"},"potentialAction":[{"@type":"SearchAction","target":{"@type":"EntryPoint","urlTemplate":"https:\/\/www.campingdulion.com\/?s={search_term_string}"},"query-input":{"@type":"PropertyValueSpecification","valueRequired":true,"valueName":"search_term_string"}}],"inLanguage":"es"},{"@type":"Organization","@id":"https:\/\/www.campingdulion.com\/#organization","name":"Camping Ard\u00e8che - Camping du Lion - Camping en Plein Nature","url":"https:\/\/www.campingdulion.com\/","logo":{"@type":"ImageObject","inLanguage":"es","@id":"https:\/\/www.campingdulion.com\/#\/schema\/logo\/image\/","url":"https:\/\/www.campingdulion.com\/wp-content\/uploads\/2023\/12\/logo-camping-du-lion-blanc.png","contentUrl":"https:\/\/www.campingdulion.com\/wp-content\/uploads\/2023\/12\/logo-camping-du-lion-blanc.png","width":350,"height":100,"caption":"Camping Ard\u00e8che - Camping du Lion - Camping en Plein Nature"},"image":{"@id":"https:\/\/www.campingdulion.com\/#\/schema\/logo\/image\/"}}]}},"_links":{"self":[{"href":"https:\/\/www.campingdulion.com\/es\/wp-json\/wp\/v2\/pages\/300","targetHints":{"allow":["GET"]}}],"collection":[{"href":"https:\/\/www.campingdulion.com\/es\/wp-json\/wp\/v2\/pages"}],"about":[{"href":"https:\/\/www.campingdulion.com\/es\/wp-json\/wp\/v2\/types\/page"}],"author":[{"embeddable":true,"href":"https:\/\/www.campingdulion.com\/es\/wp-json\/wp\/v2\/users\/3"}],"replies":[{"embeddable":true,"href":"https:\/\/www.campingdulion.com\/es\/wp-json\/wp\/v2\/comments?post=300"}],"version-history":[{"count":7,"href":"https:\/\/www.campingdulion.com\/es\/wp-json\/wp\/v2\/pages\/300\/revisions"}],"predecessor-version":[{"id":1525,"href":"https:\/\/www.campingdulion.com\/es\/wp-json\/wp\/v2\/pages\/300\/revisions\/1525"}],"up":[{"embeddable":true,"href":"https:\/\/www.campingdulion.com\/es\/wp-json\/wp\/v2\/pages\/246"}],"wp:attachment":[{"href":"https:\/\/www.campingdulion.com\/es\/wp-json\/wp\/v2\/media?parent=300"}],"curies":[{"name":"wp","href":"https:\/\/api.w.org\/{rel}","templated":true}]}}