{"id":1675,"date":"2024-01-11T10:47:22","date_gmt":"2024-01-11T10:47:22","guid":{"rendered":"https:\/\/pruebasnetwork5.com\/?page_id=1675"},"modified":"2025-01-07T11:28:45","modified_gmt":"2025-01-07T11:28:45","slug":"informacion-legal","status":"publish","type":"page","link":"https:\/\/www.campingdulion.com\/es\/mentions-legales\/","title":{"rendered":"Informaci\u00f3n jur\u00eddica"},"content":{"rendered":"<div data-elementor-type=\"wp-page\" data-elementor-id=\"1675\" class=\"elementor elementor-1675\" data-elementor-post-type=\"page\">\n\t\t\t\t<div class=\"elementor-element elementor-element-8a1e7f0 e-flex e-con-boxed e-con e-parent\" data-id=\"8a1e7f0\" data-element_type=\"container\" data-e-type=\"container\">\n\t\t\t\t\t<div class=\"e-con-inner\">\n\t\t\t\t<div class=\"elementor-element elementor-element-c8ce282 elementor-widget elementor-widget-heading\" data-id=\"c8ce282\" data-element_type=\"widget\" data-e-type=\"widget\" data-widget_type=\"heading.default\">\n\t\t\t\t<div class=\"elementor-widget-container\">\n\t\t\t\t\t<h2 class=\"elementor-heading-title elementor-size-default\">Informaci\u00f3n jur\u00eddica<\/h2>\t\t\t\t<\/div>\n\t\t\t\t<\/div>\n\t\t\t\t\t<\/div>\n\t\t\t\t<\/div>\n\t\t<div class=\"elementor-element elementor-element-d33fbd1 e-flex e-con-boxed e-con e-parent\" data-id=\"d33fbd1\" data-element_type=\"container\" data-e-type=\"container\">\n\t\t\t\t\t<div class=\"e-con-inner\">\n\t\t\t\t<div class=\"elementor-element elementor-element-acf4e22 elementor-widget elementor-widget-text-editor\" data-id=\"acf4e22\" data-element_type=\"widget\" data-e-type=\"widget\" data-widget_type=\"text-editor.default\">\n\t\t\t\t<div class=\"elementor-widget-container\">\n\t\t\t\t\t\t\t\t\t<p>El sitio web Camping du Lion (en lo sucesivo denominado \"el Sitio\"), al que se puede acceder en la siguiente direcci\u00f3n <a href=\"https:\/\/www.campingdulion.com\/es\/\">https:\/\/www.campingdulion.com\/<\/a> es publicado por Clickzou (en lo sucesivo, el \"Editor\"), una SAS con un capital social de 1000 euros, cuyo domicilio social se encuentra en 8 lotissement Palmola, 31660 Buzet-sur-Tarn. (0675896991<i title=\"\u00a1Correo electr\u00f3nico codificado correctamente!\"><\/i>,\u00a0contact@clickzou.fr<i title=\"\u00a1Correo electr\u00f3nico codificado correctamente!\"><\/i>)<br \/>RCS B 950 814 426 Toulouse<\/p><h3>Alojamiento web<\/h3><p>El Sitio est\u00e1 alojado por o2switch, una EURL con un capital social de 100.000 euros, cuyo domicilio social se encuentra en 224 Boulevard Gustave Flaubert, 63000 Clermont-Ferrand, Francia, y con la que se puede contactar en 0444446040.<i title=\"\u00a1Correo electr\u00f3nico codificado correctamente!\"><\/i>.<\/p><h3>Respeto de la propiedad intelectual<\/h3><p>Todas las marcas, fotograf\u00edas, textos, comentarios, ilustraciones, im\u00e1genes (animadas o no), secuencias de v\u00eddeo, sonidos, as\u00ed como todas las aplicaciones inform\u00e1ticas que puedan utilizarse para el funcionamiento del Sitio y, de forma m\u00e1s general, todos los elementos reproducidos o utilizados en el Sitio est\u00e1n protegidos por la legislaci\u00f3n vigente en materia de propiedad intelectual.<br \/>Son propiedad plena y entera de la Editorial o de sus socios, a menos que se indique lo contrario. Queda terminantemente prohibida toda reproducci\u00f3n, representaci\u00f3n, utilizaci\u00f3n o adaptaci\u00f3n, en cualquier forma, de la totalidad o parte de estos elementos, incluidas las aplicaciones inform\u00e1ticas, sin el consentimiento previo por escrito de la Editorial. El hecho de que la Editorial no inicie un procedimiento tan pronto como tenga conocimiento de dicho uso no autorizado no constituye la aceptaci\u00f3n de dicho uso ni la renuncia a emprender acciones legales.<br \/>S\u00f3lo se autoriza el uso privado dentro del c\u00edrculo familiar. Cualquier otro uso constituye falsificaci\u00f3n y\/o infracci\u00f3n de los derechos conexos, sancionable con arreglo al C\u00f3digo de la Propiedad Intelectual.<br \/>La reproducci\u00f3n total o parcial de este contenido requiere la autorizaci\u00f3n previa del Editor o del titular de los derechos sobre este contenido.<\/p><h3>Enlaces de hipertexto<\/h3><p>El Sitio puede contener enlaces de hipertexto que den acceso a otros sitios web publicados y gestionados por terceros y no por el Editor. El Editor no podr\u00e1 ser considerado responsable, directa o indirectamente, en caso de que dichos sitios de terceros no se ajusten a las disposiciones legales.<\/p>\t\t\t\t\t\t\t\t<\/div>\n\t\t\t\t<\/div>\n\t\t\t\t\t<\/div>\n\t\t\t\t<\/div>\n\t\t\t\t<\/div>","protected":false},"excerpt":{"rendered":"<p>Mentions l\u00e9gales Le site Camping du Lion (ci-apr\u00e8s \u00ab le Site \u00bb), accessible \u00e0 l\u2019adresse https:\/\/www.campingdulion.com\/ est \u00e9dit\u00e9 par la soci\u00e9t\u00e9 Clickzou (ci-apr\u00e8s \u00ab l\u2019Editeur \u00bb), SAS au capital de 1000 euros, dont le si\u00e8ge social est situ\u00e9 8 lotissement Palmola, 31660 Buzet-sur-Tarn. (0675896991,\u00a0contact@clickzou.fr)RCS B 950 814 426 Toulouse H\u00e9bergeur du site Internet Le Site [&hellip;]<\/p>\n","protected":false},"author":3,"featured_media":0,"parent":0,"menu_order":0,"comment_status":"closed","ping_status":"closed","template":"","meta":{"footnotes":""},"class_list":["post-1675","page","type-page","status-publish","hentry"],"yoast_head":"<!-- This site is optimized with the Yoast SEO plugin v27.6 - https:\/\/yoast.com\/product\/yoast-seo-wordpress\/ -->\n<title>Mentions l\u00e9gales - Camping Ard\u00e8che - Camping du Lion - Camping en Plein Nature<\/title>\n<meta name=\"robots\" content=\"index, follow, max-snippet:-1, max-image-preview:large, max-video-preview:-1\" \/>\n<link rel=\"canonical\" href=\"https:\/\/www.campingdulion.com\/es\/informacion-legal\/\" \/>\n<meta property=\"og:locale\" content=\"es_ES\" \/>\n<meta property=\"og:type\" content=\"article\" \/>\n<meta property=\"og:title\" content=\"Mentions l\u00e9gales - Camping Ard\u00e8che - Camping du Lion - Camping en Plein Nature\" \/>\n<meta property=\"og:description\" content=\"Mentions l\u00e9gales Le site Camping du Lion (ci-apr\u00e8s \u00ab le Site \u00bb), accessible \u00e0 l\u2019adresse https:\/\/www.campingdulion.com\/ est \u00e9dit\u00e9 par la soci\u00e9t\u00e9 Clickzou (ci-apr\u00e8s \u00ab l\u2019Editeur \u00bb), SAS au capital de 1000 euros, dont le si\u00e8ge social est situ\u00e9 8 lotissement Palmola, 31660 Buzet-sur-Tarn. (0675896991,\u00a0contact@clickzou.fr)RCS B 950 814 426 Toulouse H\u00e9bergeur du site Internet Le Site [&hellip;]\" \/>\n<meta property=\"og:url\" content=\"https:\/\/www.campingdulion.com\/es\/informacion-legal\/\" \/>\n<meta property=\"og:site_name\" content=\"Camping Ard\u00e8che - Camping du Lion - Camping en Plein Nature\" \/>\n<meta property=\"article:modified_time\" content=\"2025-01-07T11:28:45+00:00\" \/>\n<meta name=\"twitter:card\" content=\"summary_large_image\" \/>\n<meta name=\"twitter:label1\" content=\"Tiempo de lectura\" \/>\n\t<meta name=\"twitter:data1\" content=\"2 minutos\" \/>\n<script type=\"application\/ld+json\" class=\"yoast-schema-graph\">{\"@context\":\"https:\\\/\\\/schema.org\",\"@graph\":[{\"@type\":\"WebPage\",\"@id\":\"https:\\\/\\\/www.campingdulion.com\\\/mentions-legales\\\/\",\"url\":\"https:\\\/\\\/www.campingdulion.com\\\/mentions-legales\\\/\",\"name\":\"Mentions l\u00e9gales - Camping Ard\u00e8che - Camping du Lion - Camping en Plein Nature\",\"isPartOf\":{\"@id\":\"https:\\\/\\\/www.campingdulion.com\\\/#website\"},\"datePublished\":\"2024-01-11T10:47:22+00:00\",\"dateModified\":\"2025-01-07T11:28:45+00:00\",\"breadcrumb\":{\"@id\":\"https:\\\/\\\/www.campingdulion.com\\\/mentions-legales\\\/#breadcrumb\"},\"inLanguage\":\"es\",\"potentialAction\":[{\"@type\":\"ReadAction\",\"target\":[\"https:\\\/\\\/www.campingdulion.com\\\/mentions-legales\\\/\"]}]},{\"@type\":\"BreadcrumbList\",\"@id\":\"https:\\\/\\\/www.campingdulion.com\\\/mentions-legales\\\/#breadcrumb\",\"itemListElement\":[{\"@type\":\"ListItem\",\"position\":1,\"name\":\"Accueil\",\"item\":\"https:\\\/\\\/www.campingdulion.com\\\/\"},{\"@type\":\"ListItem\",\"position\":2,\"name\":\"Mentions l\u00e9gales\"}]},{\"@type\":\"WebSite\",\"@id\":\"https:\\\/\\\/www.campingdulion.com\\\/#website\",\"url\":\"https:\\\/\\\/www.campingdulion.com\\\/\",\"name\":\"Camping Ard\u00e8che - Camping du Lion - Camping en Plein Nature\",\"description\":\"\",\"publisher\":{\"@id\":\"https:\\\/\\\/www.campingdulion.com\\\/#organization\"},\"potentialAction\":[{\"@type\":\"SearchAction\",\"target\":{\"@type\":\"EntryPoint\",\"urlTemplate\":\"https:\\\/\\\/www.campingdulion.com\\\/?s={search_term_string}\"},\"query-input\":{\"@type\":\"PropertyValueSpecification\",\"valueRequired\":true,\"valueName\":\"search_term_string\"}}],\"inLanguage\":\"es\"},{\"@type\":\"Organization\",\"@id\":\"https:\\\/\\\/www.campingdulion.com\\\/#organization\",\"name\":\"Camping Ard\u00e8che - Camping du Lion - Camping en Plein Nature\",\"url\":\"https:\\\/\\\/www.campingdulion.com\\\/\",\"logo\":{\"@type\":\"ImageObject\",\"inLanguage\":\"es\",\"@id\":\"https:\\\/\\\/www.campingdulion.com\\\/#\\\/schema\\\/logo\\\/image\\\/\",\"url\":\"https:\\\/\\\/www.campingdulion.com\\\/wp-content\\\/uploads\\\/2023\\\/12\\\/logo-camping-du-lion-blanc.png\",\"contentUrl\":\"https:\\\/\\\/www.campingdulion.com\\\/wp-content\\\/uploads\\\/2023\\\/12\\\/logo-camping-du-lion-blanc.png\",\"width\":350,\"height\":100,\"caption\":\"Camping Ard\u00e8che - Camping du Lion - Camping en Plein Nature\"},\"image\":{\"@id\":\"https:\\\/\\\/www.campingdulion.com\\\/#\\\/schema\\\/logo\\\/image\\\/\"}}]}<\/script>\n<!-- \/ Yoast SEO plugin. -->","yoast_head_json":{"title":"Informaci\u00f3n legal - Camping Ard\u00e8che - Camping du Lion - Camping en Plein Nature","robots":{"index":"index","follow":"follow","max-snippet":"max-snippet:-1","max-image-preview":"max-image-preview:large","max-video-preview":"max-video-preview:-1"},"canonical":"https:\/\/www.campingdulion.com\/es\/informacion-legal\/","og_locale":"es_ES","og_type":"article","og_title":"Mentions l\u00e9gales - Camping Ard\u00e8che - Camping du Lion - Camping en Plein Nature","og_description":"Mentions l\u00e9gales Le site Camping du Lion (ci-apr\u00e8s \u00ab le Site \u00bb), accessible \u00e0 l\u2019adresse https:\/\/www.campingdulion.com\/ est \u00e9dit\u00e9 par la soci\u00e9t\u00e9 Clickzou (ci-apr\u00e8s \u00ab l\u2019Editeur \u00bb), SAS au capital de 1000 euros, dont le si\u00e8ge social est situ\u00e9 8 lotissement Palmola, 31660 Buzet-sur-Tarn. (0675896991,\u00a0contact@clickzou.fr)RCS B 950 814 426 Toulouse H\u00e9bergeur du site Internet Le Site [&hellip;]","og_url":"https:\/\/www.campingdulion.com\/es\/informacion-legal\/","og_site_name":"Camping Ard\u00e8che - Camping du Lion - Camping en Plein Nature","article_modified_time":"2025-01-07T11:28:45+00:00","twitter_card":"summary_large_image","twitter_misc":{"Tiempo de lectura":"2 minutos"},"schema":{"@context":"https:\/\/schema.org","@graph":[{"@type":"WebPage","@id":"https:\/\/www.campingdulion.com\/mentions-legales\/","url":"https:\/\/www.campingdulion.com\/mentions-legales\/","name":"Informaci\u00f3n legal - Camping Ard\u00e8che - Camping du Lion - Camping en Plein Nature","isPartOf":{"@id":"https:\/\/www.campingdulion.com\/#website"},"datePublished":"2024-01-11T10:47:22+00:00","dateModified":"2025-01-07T11:28:45+00:00","breadcrumb":{"@id":"https:\/\/www.campingdulion.com\/mentions-legales\/#breadcrumb"},"inLanguage":"es","potentialAction":[{"@type":"ReadAction","target":["https:\/\/www.campingdulion.com\/mentions-legales\/"]}]},{"@type":"BreadcrumbList","@id":"https:\/\/www.campingdulion.com\/mentions-legales\/#breadcrumb","itemListElement":[{"@type":"ListItem","position":1,"name":"Accueil","item":"https:\/\/www.campingdulion.com\/"},{"@type":"ListItem","position":2,"name":"Mentions l\u00e9gales"}]},{"@type":"WebSite","@id":"https:\/\/www.campingdulion.com\/#website","url":"https:\/\/www.campingdulion.com\/","name":"Camping Ard\u00e8che - Camping du Lion - Camping en Plein Nature","description":"","publisher":{"@id":"https:\/\/www.campingdulion.com\/#organization"},"potentialAction":[{"@type":"SearchAction","target":{"@type":"EntryPoint","urlTemplate":"https:\/\/www.campingdulion.com\/?s={search_term_string}"},"query-input":{"@type":"PropertyValueSpecification","valueRequired":true,"valueName":"search_term_string"}}],"inLanguage":"es"},{"@type":"Organization","@id":"https:\/\/www.campingdulion.com\/#organization","name":"Camping Ard\u00e8che - Camping du Lion - Camping en Plein Nature","url":"https:\/\/www.campingdulion.com\/","logo":{"@type":"ImageObject","inLanguage":"es","@id":"https:\/\/www.campingdulion.com\/#\/schema\/logo\/image\/","url":"https:\/\/www.campingdulion.com\/wp-content\/uploads\/2023\/12\/logo-camping-du-lion-blanc.png","contentUrl":"https:\/\/www.campingdulion.com\/wp-content\/uploads\/2023\/12\/logo-camping-du-lion-blanc.png","width":350,"height":100,"caption":"Camping Ard\u00e8che - Camping du Lion - Camping en Plein Nature"},"image":{"@id":"https:\/\/www.campingdulion.com\/#\/schema\/logo\/image\/"}}]}},"_links":{"self":[{"href":"https:\/\/www.campingdulion.com\/es\/wp-json\/wp\/v2\/pages\/1675","targetHints":{"allow":["GET"]}}],"collection":[{"href":"https:\/\/www.campingdulion.com\/es\/wp-json\/wp\/v2\/pages"}],"about":[{"href":"https:\/\/www.campingdulion.com\/es\/wp-json\/wp\/v2\/types\/page"}],"author":[{"embeddable":true,"href":"https:\/\/www.campingdulion.com\/es\/wp-json\/wp\/v2\/users\/3"}],"replies":[{"embeddable":true,"href":"https:\/\/www.campingdulion.com\/es\/wp-json\/wp\/v2\/comments?post=1675"}],"version-history":[{"count":16,"href":"https:\/\/www.campingdulion.com\/es\/wp-json\/wp\/v2\/pages\/1675\/revisions"}],"predecessor-version":[{"id":2334,"href":"https:\/\/www.campingdulion.com\/es\/wp-json\/wp\/v2\/pages\/1675\/revisions\/2334"}],"wp:attachment":[{"href":"https:\/\/www.campingdulion.com\/es\/wp-json\/wp\/v2\/media?parent=1675"}],"curies":[{"name":"wp","href":"https:\/\/api.w.org\/{rel}","templated":true}]}}