{"id":1675,"date":"2024-01-11T10:47:22","date_gmt":"2024-01-11T10:47:22","guid":{"rendered":"https:\/\/pruebasnetwork5.com\/?page_id=1675"},"modified":"2025-01-07T11:28:45","modified_gmt":"2025-01-07T11:28:45","slug":"legal-information","status":"publish","type":"page","link":"https:\/\/www.campingdulion.com\/en\/mentions-legales\/","title":{"rendered":"Legal information"},"content":{"rendered":"<div data-elementor-type=\"wp-page\" data-elementor-id=\"1675\" class=\"elementor elementor-1675\" data-elementor-post-type=\"page\">\n\t\t\t\t<div class=\"elementor-element elementor-element-8a1e7f0 e-flex e-con-boxed e-con e-parent\" data-id=\"8a1e7f0\" data-element_type=\"container\" data-e-type=\"container\">\n\t\t\t\t\t<div class=\"e-con-inner\">\n\t\t\t\t<div class=\"elementor-element elementor-element-c8ce282 elementor-widget elementor-widget-heading\" data-id=\"c8ce282\" data-element_type=\"widget\" data-e-type=\"widget\" data-widget_type=\"heading.default\">\n\t\t\t\t<div class=\"elementor-widget-container\">\n\t\t\t\t\t<h2 class=\"elementor-heading-title elementor-size-default\">Legal information<\/h2>\t\t\t\t<\/div>\n\t\t\t\t<\/div>\n\t\t\t\t\t<\/div>\n\t\t\t\t<\/div>\n\t\t<div class=\"elementor-element elementor-element-d33fbd1 e-flex e-con-boxed e-con e-parent\" data-id=\"d33fbd1\" data-element_type=\"container\" data-e-type=\"container\">\n\t\t\t\t\t<div class=\"e-con-inner\">\n\t\t\t\t<div class=\"elementor-element elementor-element-acf4e22 elementor-widget elementor-widget-text-editor\" data-id=\"acf4e22\" data-element_type=\"widget\" data-e-type=\"widget\" data-widget_type=\"text-editor.default\">\n\t\t\t\t<div class=\"elementor-widget-container\">\n\t\t\t\t\t\t\t\t\t<p>The Camping du Lion website (hereinafter referred to as \"the Site\"), which can be accessed at the following address <a href=\"https:\/\/www.campingdulion.com\/en\/\">https:\/\/www.campingdulion.com\/<\/a> is published by Clickzou (hereinafter referred to as the \"Publisher\"), a SAS with share capital of 1000 euros, whose registered office is at 8 lotissement Palmola, 31660 Buzet-sur-Tarn. (0675896991<i title=\"Email encoded successfully!\"><\/i>,\u00a0contact@clickzou.fr<i title=\"Email encoded successfully!\"><\/i>)<br \/>RCS B 950 814 426 Toulouse<\/p><h3>Website host<\/h3><p>The Site is hosted by o2switch, a EURL with share capital of 100,000 euros, whose registered office is located at 224 Boulevard Gustave Flaubert, 63000 Clermont-Ferrand, France, and can be reached at 0444446040.<i title=\"Email encoded successfully!\"><\/i>.<\/p><h3>Respect for intellectual property<\/h3><p>All trademarks, photographs, texts, comments, illustrations, images (animated or not), video sequences, sounds, as well as all computer applications that may be used to operate the Site and, more generally, all elements reproduced or used on the Site are protected by the intellectual property laws in force.<br \/>They are the full and entire property of the Publisher or its partners, unless otherwise specified. Any reproduction, representation, use or adaptation, in any form whatsoever, of all or part of these elements, including computer applications, without the prior written consent of the Publisher, is strictly prohibited. The fact that the Publisher does not initiate proceedings as soon as it becomes aware of such unauthorised use does not constitute acceptance of the said use and waiver of legal action.<br \/>Only private use within the family circle is authorised. Any other use constitutes counterfeiting and\/or infringement of related rights, punishable under the Intellectual Property Code.<br \/>The reproduction of all or part of this content requires the prior authorisation of the Publisher or the holder of the rights to this content.<\/p><h3>Hypertext links<\/h3><p>The Site may contain hypertext links giving access to other websites published and managed by third parties and not by the Publisher. The Publisher may not be held directly or indirectly liable in the event that said third-party sites do not comply with legal provisions.<\/p>\t\t\t\t\t\t\t\t<\/div>\n\t\t\t\t<\/div>\n\t\t\t\t\t<\/div>\n\t\t\t\t<\/div>\n\t\t\t\t<\/div>","protected":false},"excerpt":{"rendered":"<p>Mentions l\u00e9gales Le site Camping du Lion (ci-apr\u00e8s \u00ab le Site \u00bb), accessible \u00e0 l\u2019adresse https:\/\/www.campingdulion.com\/ est \u00e9dit\u00e9 par la soci\u00e9t\u00e9 Clickzou (ci-apr\u00e8s \u00ab l\u2019Editeur \u00bb), SAS au capital de 1000 euros, dont le si\u00e8ge social est situ\u00e9 8 lotissement Palmola, 31660 Buzet-sur-Tarn. (0675896991,\u00a0contact@clickzou.fr)RCS B 950 814 426 Toulouse H\u00e9bergeur du site Internet Le Site [&hellip;]<\/p>\n","protected":false},"author":3,"featured_media":0,"parent":0,"menu_order":0,"comment_status":"closed","ping_status":"closed","template":"","meta":{"footnotes":""},"class_list":["post-1675","page","type-page","status-publish","hentry"],"yoast_head":"<!-- This site is optimized with the Yoast SEO plugin v27.5 - https:\/\/yoast.com\/product\/yoast-seo-wordpress\/ -->\n<title>Mentions l\u00e9gales - Camping Ard\u00e8che - Camping du Lion - Camping en Plein Nature<\/title>\n<meta name=\"robots\" content=\"index, follow, max-snippet:-1, max-image-preview:large, max-video-preview:-1\" \/>\n<link rel=\"canonical\" href=\"https:\/\/www.campingdulion.com\/en\/legal-information\/\" \/>\n<meta property=\"og:locale\" content=\"en_GB\" \/>\n<meta property=\"og:type\" content=\"article\" \/>\n<meta property=\"og:title\" content=\"Mentions l\u00e9gales - Camping Ard\u00e8che - Camping du Lion - Camping en Plein Nature\" \/>\n<meta property=\"og:description\" content=\"Mentions l\u00e9gales Le site Camping du Lion (ci-apr\u00e8s \u00ab le Site \u00bb), accessible \u00e0 l\u2019adresse https:\/\/www.campingdulion.com\/ est \u00e9dit\u00e9 par la soci\u00e9t\u00e9 Clickzou (ci-apr\u00e8s \u00ab l\u2019Editeur \u00bb), SAS au capital de 1000 euros, dont le si\u00e8ge social est situ\u00e9 8 lotissement Palmola, 31660 Buzet-sur-Tarn. (0675896991,\u00a0contact@clickzou.fr)RCS B 950 814 426 Toulouse H\u00e9bergeur du site Internet Le Site [&hellip;]\" \/>\n<meta property=\"og:url\" content=\"https:\/\/www.campingdulion.com\/en\/legal-information\/\" \/>\n<meta property=\"og:site_name\" content=\"Camping Ard\u00e8che - Camping du Lion - Camping en Plein Nature\" \/>\n<meta property=\"article:modified_time\" content=\"2025-01-07T11:28:45+00:00\" \/>\n<meta name=\"twitter:card\" content=\"summary_large_image\" \/>\n<meta name=\"twitter:label1\" content=\"Estimated reading time\" \/>\n\t<meta name=\"twitter:data1\" content=\"2 minutes\" \/>\n<script type=\"application\/ld+json\" class=\"yoast-schema-graph\">{\"@context\":\"https:\\\/\\\/schema.org\",\"@graph\":[{\"@type\":\"WebPage\",\"@id\":\"https:\\\/\\\/www.campingdulion.com\\\/mentions-legales\\\/\",\"url\":\"https:\\\/\\\/www.campingdulion.com\\\/mentions-legales\\\/\",\"name\":\"Mentions l\u00e9gales - Camping Ard\u00e8che - Camping du Lion - Camping en Plein Nature\",\"isPartOf\":{\"@id\":\"https:\\\/\\\/www.campingdulion.com\\\/#website\"},\"datePublished\":\"2024-01-11T10:47:22+00:00\",\"dateModified\":\"2025-01-07T11:28:45+00:00\",\"breadcrumb\":{\"@id\":\"https:\\\/\\\/www.campingdulion.com\\\/mentions-legales\\\/#breadcrumb\"},\"inLanguage\":\"en-GB\",\"potentialAction\":[{\"@type\":\"ReadAction\",\"target\":[\"https:\\\/\\\/www.campingdulion.com\\\/mentions-legales\\\/\"]}]},{\"@type\":\"BreadcrumbList\",\"@id\":\"https:\\\/\\\/www.campingdulion.com\\\/mentions-legales\\\/#breadcrumb\",\"itemListElement\":[{\"@type\":\"ListItem\",\"position\":1,\"name\":\"Accueil\",\"item\":\"https:\\\/\\\/www.campingdulion.com\\\/\"},{\"@type\":\"ListItem\",\"position\":2,\"name\":\"Mentions l\u00e9gales\"}]},{\"@type\":\"WebSite\",\"@id\":\"https:\\\/\\\/www.campingdulion.com\\\/#website\",\"url\":\"https:\\\/\\\/www.campingdulion.com\\\/\",\"name\":\"Camping Ard\u00e8che - Camping du Lion - Camping en Plein Nature\",\"description\":\"\",\"publisher\":{\"@id\":\"https:\\\/\\\/www.campingdulion.com\\\/#organization\"},\"potentialAction\":[{\"@type\":\"SearchAction\",\"target\":{\"@type\":\"EntryPoint\",\"urlTemplate\":\"https:\\\/\\\/www.campingdulion.com\\\/?s={search_term_string}\"},\"query-input\":{\"@type\":\"PropertyValueSpecification\",\"valueRequired\":true,\"valueName\":\"search_term_string\"}}],\"inLanguage\":\"en-GB\"},{\"@type\":\"Organization\",\"@id\":\"https:\\\/\\\/www.campingdulion.com\\\/#organization\",\"name\":\"Camping Ard\u00e8che - Camping du Lion - Camping en Plein Nature\",\"url\":\"https:\\\/\\\/www.campingdulion.com\\\/\",\"logo\":{\"@type\":\"ImageObject\",\"inLanguage\":\"en-GB\",\"@id\":\"https:\\\/\\\/www.campingdulion.com\\\/#\\\/schema\\\/logo\\\/image\\\/\",\"url\":\"https:\\\/\\\/www.campingdulion.com\\\/wp-content\\\/uploads\\\/2023\\\/12\\\/logo-camping-du-lion-blanc.png\",\"contentUrl\":\"https:\\\/\\\/www.campingdulion.com\\\/wp-content\\\/uploads\\\/2023\\\/12\\\/logo-camping-du-lion-blanc.png\",\"width\":350,\"height\":100,\"caption\":\"Camping Ard\u00e8che - Camping du Lion - Camping en Plein Nature\"},\"image\":{\"@id\":\"https:\\\/\\\/www.campingdulion.com\\\/#\\\/schema\\\/logo\\\/image\\\/\"}}]}<\/script>\n<!-- \/ Yoast SEO plugin. -->","yoast_head_json":{"title":"Legal information - Camping Ard\u00e8che - Camping du Lion - Camping en Plein Nature","robots":{"index":"index","follow":"follow","max-snippet":"max-snippet:-1","max-image-preview":"max-image-preview:large","max-video-preview":"max-video-preview:-1"},"canonical":"https:\/\/www.campingdulion.com\/en\/legal-information\/","og_locale":"en_GB","og_type":"article","og_title":"Mentions l\u00e9gales - Camping Ard\u00e8che - Camping du Lion - Camping en Plein Nature","og_description":"Mentions l\u00e9gales Le site Camping du Lion (ci-apr\u00e8s \u00ab le Site \u00bb), accessible \u00e0 l\u2019adresse https:\/\/www.campingdulion.com\/ est \u00e9dit\u00e9 par la soci\u00e9t\u00e9 Clickzou (ci-apr\u00e8s \u00ab l\u2019Editeur \u00bb), SAS au capital de 1000 euros, dont le si\u00e8ge social est situ\u00e9 8 lotissement Palmola, 31660 Buzet-sur-Tarn. (0675896991,\u00a0contact@clickzou.fr)RCS B 950 814 426 Toulouse H\u00e9bergeur du site Internet Le Site [&hellip;]","og_url":"https:\/\/www.campingdulion.com\/en\/legal-information\/","og_site_name":"Camping Ard\u00e8che - Camping du Lion - Camping en Plein Nature","article_modified_time":"2025-01-07T11:28:45+00:00","twitter_card":"summary_large_image","twitter_misc":{"Estimated reading time":"2 minutes"},"schema":{"@context":"https:\/\/schema.org","@graph":[{"@type":"WebPage","@id":"https:\/\/www.campingdulion.com\/mentions-legales\/","url":"https:\/\/www.campingdulion.com\/mentions-legales\/","name":"Legal information - Camping Ard\u00e8che - Camping du Lion - Camping en Plein Nature","isPartOf":{"@id":"https:\/\/www.campingdulion.com\/#website"},"datePublished":"2024-01-11T10:47:22+00:00","dateModified":"2025-01-07T11:28:45+00:00","breadcrumb":{"@id":"https:\/\/www.campingdulion.com\/mentions-legales\/#breadcrumb"},"inLanguage":"en-GB","potentialAction":[{"@type":"ReadAction","target":["https:\/\/www.campingdulion.com\/mentions-legales\/"]}]},{"@type":"BreadcrumbList","@id":"https:\/\/www.campingdulion.com\/mentions-legales\/#breadcrumb","itemListElement":[{"@type":"ListItem","position":1,"name":"Accueil","item":"https:\/\/www.campingdulion.com\/"},{"@type":"ListItem","position":2,"name":"Mentions l\u00e9gales"}]},{"@type":"WebSite","@id":"https:\/\/www.campingdulion.com\/#website","url":"https:\/\/www.campingdulion.com\/","name":"Camping Ard\u00e8che - Camping du Lion - Camping en Plein Nature","description":"","publisher":{"@id":"https:\/\/www.campingdulion.com\/#organization"},"potentialAction":[{"@type":"SearchAction","target":{"@type":"EntryPoint","urlTemplate":"https:\/\/www.campingdulion.com\/?s={search_term_string}"},"query-input":{"@type":"PropertyValueSpecification","valueRequired":true,"valueName":"search_term_string"}}],"inLanguage":"en-GB"},{"@type":"Organization","@id":"https:\/\/www.campingdulion.com\/#organization","name":"Camping Ard\u00e8che - Camping du Lion - Camping en Plein Nature","url":"https:\/\/www.campingdulion.com\/","logo":{"@type":"ImageObject","inLanguage":"en-GB","@id":"https:\/\/www.campingdulion.com\/#\/schema\/logo\/image\/","url":"https:\/\/www.campingdulion.com\/wp-content\/uploads\/2023\/12\/logo-camping-du-lion-blanc.png","contentUrl":"https:\/\/www.campingdulion.com\/wp-content\/uploads\/2023\/12\/logo-camping-du-lion-blanc.png","width":350,"height":100,"caption":"Camping Ard\u00e8che - Camping du Lion - Camping en Plein Nature"},"image":{"@id":"https:\/\/www.campingdulion.com\/#\/schema\/logo\/image\/"}}]}},"_links":{"self":[{"href":"https:\/\/www.campingdulion.com\/en\/wp-json\/wp\/v2\/pages\/1675","targetHints":{"allow":["GET"]}}],"collection":[{"href":"https:\/\/www.campingdulion.com\/en\/wp-json\/wp\/v2\/pages"}],"about":[{"href":"https:\/\/www.campingdulion.com\/en\/wp-json\/wp\/v2\/types\/page"}],"author":[{"embeddable":true,"href":"https:\/\/www.campingdulion.com\/en\/wp-json\/wp\/v2\/users\/3"}],"replies":[{"embeddable":true,"href":"https:\/\/www.campingdulion.com\/en\/wp-json\/wp\/v2\/comments?post=1675"}],"version-history":[{"count":16,"href":"https:\/\/www.campingdulion.com\/en\/wp-json\/wp\/v2\/pages\/1675\/revisions"}],"predecessor-version":[{"id":2334,"href":"https:\/\/www.campingdulion.com\/en\/wp-json\/wp\/v2\/pages\/1675\/revisions\/2334"}],"wp:attachment":[{"href":"https:\/\/www.campingdulion.com\/en\/wp-json\/wp\/v2\/media?parent=1675"}],"curies":[{"name":"wp","href":"https:\/\/api.w.org\/{rel}","templated":true}]}}